{"id":80,"date":"2025-10-31T05:44:08","date_gmt":"2025-10-31T05:44:08","guid":{"rendered":"https:\/\/pinscraftpro.com\/?page_id=80"},"modified":"2026-04-28T03:49:07","modified_gmt":"2026-04-28T03:49:07","slug":"privacy-policy","status":"publish","type":"page","link":"https:\/\/pinscraftpro.com\/es\/help-center\/privacy-policy\/","title":{"rendered":"Pol\u00edtica de privacidad"},"content":{"rendered":"<div data-elementor-type=\"wp-page\" data-elementor-id=\"80\" class=\"elementor elementor-80\" data-elementor-post-type=\"page\">\n\t\t\t\t<div class=\"wd-negative-gap elementor-element elementor-element-3a4a7b7 wd-section-stretch e-flex e-con-boxed e-con e-parent\" data-id=\"3a4a7b7\" data-element_type=\"container\" data-e-type=\"container\">\n\t\t\t\t\t<div class=\"e-con-inner\">\n\t\t<div class=\"elementor-element elementor-element-d0d9f0d e-con-full e-flex e-con e-child\" data-id=\"d0d9f0d\" data-element_type=\"container\" data-e-type=\"container\">\n\t\t\t\t<div class=\"elementor-element elementor-element-2dccb78 elementor-widget elementor-widget-template\" data-id=\"2dccb78\" data-element_type=\"widget\" data-e-type=\"widget\" data-widget_type=\"template.default\">\n\t\t\t\t<div class=\"elementor-widget-container\">\n\t\t\t\t\t\t\t<div class=\"elementor-template\">\n\t\t\t\t\t<div data-elementor-type=\"page\" data-elementor-id=\"342\" class=\"elementor elementor-342\" data-elementor-post-type=\"elementor_library\">\n\t\t\t\t<div class=\"elementor-element elementor-element-1f0589a e-con-full e-flex e-con e-parent\" data-id=\"1f0589a\" data-element_type=\"container\" data-e-type=\"container\">\n\t\t<div class=\"elementor-element elementor-element-e61310f e-con-full e-flex e-con e-child\" data-id=\"e61310f\" data-element_type=\"container\" data-e-type=\"container\" data-settings=\"{&quot;background_background&quot;:&quot;classic&quot;}\">\n\t\t\t\t<div class=\"elementor-element elementor-element-de9ff64 elementor-view-default elementor-widget elementor-widget-icon\" data-id=\"de9ff64\" data-element_type=\"widget\" data-e-type=\"widget\" data-widget_type=\"icon.default\">\n\t\t\t\t\t\t\t<div class=\"elementor-icon-wrapper\">\n\t\t\t<div class=\"elementor-icon\">\n\t\t\t<svg aria-hidden=\"true\" class=\"e-font-icon-svg e-fas-sort-down\" viewbox=\"0 0 320 512\" xmlns=\"http:\/\/www.w3.org\/2000\/svg\"><path d=\"M41 288h238c21.4 0 32.1 25.9 17 41L177 448c-9.4 9.4-24.6 9.4-33.9 0L24 329c-15.1-15.1-4.4-41 17-41z\"><\/path><\/svg>\t\t\t<\/div>\n\t\t<\/div>\n\t\t\t\t\t\t<\/div>\n\t\t\t\t<div class=\"elementor-element elementor-element-69af56a elementor-widget elementor-widget-heading\" data-id=\"69af56a\" data-element_type=\"widget\" data-e-type=\"widget\" data-widget_type=\"heading.default\">\n\t\t\t\t\t<h3 class=\"elementor-heading-title elementor-size-default\">Acerca de<\/h3>\t\t\t\t<\/div>\n\t\t\t\t<\/div>\n\t\t\t\t<div class=\"elementor-element elementor-element-60e575a side-menus elementor-nav-menu--dropdown-none elementor-widget elementor-widget-nav-menu\" data-id=\"60e575a\" data-element_type=\"widget\" data-e-type=\"widget\" data-settings=\"{&quot;layout&quot;:&quot;vertical&quot;,&quot;submenu_icon&quot;:{&quot;value&quot;:&quot;&lt;svg aria-hidden=\\&quot;true\\&quot; class=\\&quot;e-font-icon-svg e-fas-caret-down\\&quot; viewBox=\\&quot;0 0 320 512\\&quot; xmlns=\\&quot;http:\\\/\\\/www.w3.org\\\/2000\\\/svg\\&quot;&gt;&lt;path d=\\&quot;M31.3 192h257.3c17.8 0 26.7 21.5 14.1 34.1L174.1 354.8c-7.8 7.8-20.5 7.8-28.3 0L17.2 226.1C4.6 213.5 13.5 192 31.3 192z\\&quot;&gt;&lt;\\\/path&gt;&lt;\\\/svg&gt;&quot;,&quot;library&quot;:&quot;fa-solid&quot;}}\" data-widget_type=\"nav-menu.default\">\n\t\t\t\t\t\t\t\t<nav aria-label=\"Men\u00fa\" class=\"elementor-nav-menu--main elementor-nav-menu__container elementor-nav-menu--layout-vertical e--pointer-none\">\n\t\t\t\t<ul id=\"menu-1-60e575a\" class=\"elementor-nav-menu sm-vertical\"><li class=\"menu-item menu-item-type-post_type menu-item-object-page menu-item-2958\"><a href=\"https:\/\/pinscraftpro.com\/es\/help-center\/privacy-policy\/\" class=\"elementor-item\">Pol\u00edtica de privacidad<\/a><\/li>\n<li class=\"menu-item menu-item-type-post_type menu-item-object-page menu-item-2959\"><a href=\"https:\/\/pinscraftpro.com\/es\/terms-and-conditions\/\" class=\"elementor-item\">Condiciones generales<\/a><\/li>\n<li class=\"menu-item menu-item-type-post_type menu-item-object-page menu-item-2957\"><a href=\"https:\/\/pinscraftpro.com\/es\/about\/\" class=\"elementor-item\">Acerca de<\/a><\/li>\n<\/ul>\t\t\t<\/nav>\n\t\t\t\t\t\t<nav class=\"elementor-nav-menu--dropdown elementor-nav-menu__container\" aria-hidden=\"true\">\n\t\t\t\t<ul id=\"menu-2-60e575a\" class=\"elementor-nav-menu sm-vertical\"><li class=\"menu-item menu-item-type-post_type menu-item-object-page menu-item-2958\"><a href=\"https:\/\/pinscraftpro.com\/es\/help-center\/privacy-policy\/\" class=\"elementor-item\" tabindex=\"-1\">Pol\u00edtica de privacidad<\/a><\/li>\n<li class=\"menu-item menu-item-type-post_type menu-item-object-page menu-item-2959\"><a href=\"https:\/\/pinscraftpro.com\/es\/terms-and-conditions\/\" class=\"elementor-item\" tabindex=\"-1\">Condiciones generales<\/a><\/li>\n<li class=\"menu-item menu-item-type-post_type menu-item-object-page menu-item-2957\"><a href=\"https:\/\/pinscraftpro.com\/es\/about\/\" class=\"elementor-item\" tabindex=\"-1\">Acerca de<\/a><\/li>\n<\/ul>\t\t\t<\/nav>\n\t\t\t\t\t\t<\/div>\n\t\t\t\t<\/div>\n\t\t<div class=\"elementor-element elementor-element-e61c22a e-con-full e-flex e-con e-parent\" data-id=\"e61c22a\" data-element_type=\"container\" data-e-type=\"container\">\n\t\t<div class=\"elementor-element elementor-element-6201539 e-con-full e-flex e-con e-child\" data-id=\"6201539\" data-element_type=\"container\" data-e-type=\"container\" data-settings=\"{&quot;background_background&quot;:&quot;classic&quot;}\">\n\t\t\t\t<div class=\"elementor-element elementor-element-86d90a0 elementor-view-default elementor-widget elementor-widget-icon\" data-id=\"86d90a0\" data-element_type=\"widget\" data-e-type=\"widget\" data-widget_type=\"icon.default\">\n\t\t\t\t\t\t\t<div class=\"elementor-icon-wrapper\">\n\t\t\t<div class=\"elementor-icon\">\n\t\t\t<svg aria-hidden=\"true\" class=\"e-font-icon-svg e-fas-sort-down\" viewbox=\"0 0 320 512\" xmlns=\"http:\/\/www.w3.org\/2000\/svg\"><path d=\"M41 288h238c21.4 0 32.1 25.9 17 41L177 448c-9.4 9.4-24.6 9.4-33.9 0L24 329c-15.1-15.1-4.4-41 17-41z\"><\/path><\/svg>\t\t\t<\/div>\n\t\t<\/div>\n\t\t\t\t\t\t<\/div>\n\t\t\t\t<div class=\"elementor-element elementor-element-c9b34c5 elementor-widget elementor-widget-heading\" data-id=\"c9b34c5\" data-element_type=\"widget\" data-e-type=\"widget\" data-widget_type=\"heading.default\">\n\t\t\t\t\t<h3 class=\"elementor-heading-title elementor-size-default\">Centro de ayuda<\/h3>\t\t\t\t<\/div>\n\t\t\t\t<\/div>\n\t\t\t\t<div class=\"elementor-element elementor-element-34e6a0f side-menus elementor-nav-menu--dropdown-none elementor-widget elementor-widget-nav-menu\" data-id=\"34e6a0f\" data-element_type=\"widget\" data-e-type=\"widget\" data-settings=\"{&quot;layout&quot;:&quot;vertical&quot;,&quot;submenu_icon&quot;:{&quot;value&quot;:&quot;&lt;svg aria-hidden=\\&quot;true\\&quot; class=\\&quot;e-font-icon-svg e-fas-caret-down\\&quot; viewBox=\\&quot;0 0 320 512\\&quot; xmlns=\\&quot;http:\\\/\\\/www.w3.org\\\/2000\\\/svg\\&quot;&gt;&lt;path d=\\&quot;M31.3 192h257.3c17.8 0 26.7 21.5 14.1 34.1L174.1 354.8c-7.8 7.8-20.5 7.8-28.3 0L17.2 226.1C4.6 213.5 13.5 192 31.3 192z\\&quot;&gt;&lt;\\\/path&gt;&lt;\\\/svg&gt;&quot;,&quot;library&quot;:&quot;fa-solid&quot;}}\" data-widget_type=\"nav-menu.default\">\n\t\t\t\t\t\t\t\t<nav aria-label=\"Men\u00fa\" class=\"elementor-nav-menu--main elementor-nav-menu__container elementor-nav-menu--layout-vertical e--pointer-none\">\n\t\t\t\t<ul id=\"menu-1-34e6a0f\" class=\"elementor-nav-menu sm-vertical\"><li class=\"menu-item menu-item-type-post_type menu-item-object-page menu-item-356\"><a href=\"https:\/\/pinscraftpro.com\/es\/help-center\/frequently-asked-questions-faqs\/\" class=\"elementor-item\">Preguntas m\u00e1s frecuentes (FAQ)<\/a><\/li>\n<li class=\"menu-item menu-item-type-post_type menu-item-object-page menu-item-2960\"><a href=\"https:\/\/pinscraftpro.com\/es\/contact-us\/\" class=\"elementor-item\">P\u00f3ngase en contacto con nosotros<\/a><\/li>\n<\/ul>\t\t\t<\/nav>\n\t\t\t\t\t\t<nav class=\"elementor-nav-menu--dropdown elementor-nav-menu__container\" aria-hidden=\"true\">\n\t\t\t\t<ul id=\"menu-2-34e6a0f\" class=\"elementor-nav-menu sm-vertical\"><li class=\"menu-item menu-item-type-post_type menu-item-object-page menu-item-356\"><a href=\"https:\/\/pinscraftpro.com\/es\/help-center\/frequently-asked-questions-faqs\/\" class=\"elementor-item\" tabindex=\"-1\">Preguntas m\u00e1s frecuentes (FAQ)<\/a><\/li>\n<li class=\"menu-item menu-item-type-post_type menu-item-object-page menu-item-2960\"><a href=\"https:\/\/pinscraftpro.com\/es\/contact-us\/\" class=\"elementor-item\" tabindex=\"-1\">P\u00f3ngase en contacto con nosotros<\/a><\/li>\n<\/ul>\t\t\t<\/nav>\n\t\t\t\t\t\t<\/div>\n\t\t\t\t<\/div>\n\t\t<div class=\"elementor-element elementor-element-04494ec e-con-full e-flex e-con e-parent\" data-id=\"04494ec\" data-element_type=\"container\" data-e-type=\"container\">\n\t\t<div class=\"elementor-element elementor-element-44f0618 e-con-full e-flex e-con e-child\" data-id=\"44f0618\" data-element_type=\"container\" data-e-type=\"container\" data-settings=\"{&quot;background_background&quot;:&quot;classic&quot;}\">\n\t\t\t\t<div class=\"elementor-element elementor-element-04be228 elementor-view-default elementor-widget elementor-widget-icon\" data-id=\"04be228\" data-element_type=\"widget\" data-e-type=\"widget\" data-widget_type=\"icon.default\">\n\t\t\t\t\t\t\t<div class=\"elementor-icon-wrapper\">\n\t\t\t<div class=\"elementor-icon\">\n\t\t\t<svg aria-hidden=\"true\" class=\"e-font-icon-svg e-fas-sort-down\" viewbox=\"0 0 320 512\" xmlns=\"http:\/\/www.w3.org\/2000\/svg\"><path d=\"M41 288h238c21.4 0 32.1 25.9 17 41L177 448c-9.4 9.4-24.6 9.4-33.9 0L24 329c-15.1-15.1-4.4-41 17-41z\"><\/path><\/svg>\t\t\t<\/div>\n\t\t<\/div>\n\t\t\t\t\t\t<\/div>\n\t\t\t\t<div class=\"elementor-element elementor-element-5e45123 elementor-widget elementor-widget-heading\" data-id=\"5e45123\" data-element_type=\"widget\" data-e-type=\"widget\" data-widget_type=\"heading.default\">\n\t\t\t\t\t<h3 class=\"elementor-heading-title elementor-size-default\"><a href=\"https:\/\/pinscraftpro.com\/es\/blog\/\">Blog<\/a><\/h3>\t\t\t\t<\/div>\n\t\t\t\t<\/div>\n\t\t\t\t<\/div>\n\t\t\t\t<\/div>\n\t\t\t\t<\/div>\n\t\t\t\t\t\t<\/div>\n\t\t\t\t<\/div>\n\t\t\t\t<\/div>\n\t\t<div class=\"elementor-element elementor-element-165435d e-con-full e-flex e-con e-child\" data-id=\"165435d\" data-element_type=\"container\" data-e-type=\"container\">\n\t\t\t\t<div class=\"elementor-element elementor-element-8f15c48 elementor-widget elementor-widget-heading\" data-id=\"8f15c48\" data-element_type=\"widget\" data-e-type=\"widget\" data-widget_type=\"heading.default\">\n\t\t\t\t\t<h3 class=\"elementor-heading-title elementor-size-default\">Pol\u00edtica de privacidad<\/h3>\t\t\t\t<\/div>\n\t\t\t\t<div class=\"elementor-element elementor-element-cc7dc2a color-scheme-inherit text-left elementor-widget elementor-widget-text-editor\" data-id=\"cc7dc2a\" data-element_type=\"widget\" data-e-type=\"widget\" data-widget_type=\"text-editor.default\">\n\t\t\t\t\t\t\t\t\t<div class=\"card part2 hover-tag\" data-v-239be49a=\"\">\n<div class=\"content\" data-v-239be49a=\"\">\n<div class=\"card-subtitle\" data-v-1edf29a6=\"\" data-v-239be49a=\"\">\n<h2>Pedidos<\/h2>\n<div>&nbsp;<\/div>\n<div>Recopilamos informaci\u00f3n del usuario. Se le pide que proporcione datos de contacto (por ejemplo, su nombre completo y direcci\u00f3n de env\u00edo) . Dicha informaci\u00f3n se utiliza para la liquidaci\u00f3n de la factura y la tramitaci\u00f3n del pedido. Si surge alg\u00fan problema durante la tramitaci\u00f3n de su pedido, nos pondremos en contacto con usted utilizando los datos de contacto que nos haya facilitado.<\/div>\n<div>&nbsp;<\/div>\n<div>Conservaremos sus datos personales s\u00f3lo durante el tiempo necesario para cumplir los fines para los que fueron recogidos, incluida la tramitaci\u00f3n de su pedido, la atenci\u00f3n al cliente y el cumplimiento de obligaciones legales. Transcurrido ese plazo, sus datos se eliminar\u00e1n de forma segura o se convertir\u00e1n en an\u00f3nimos, a menos que la ley nos obligue a conservarlos durante m\u00e1s tiempo.<\/div>\n<div>&nbsp;<\/div>\n<h3>Correos electr\u00f3nicos y cat\u00e1logos de productos<\/h3>\n<div>&nbsp;<\/div>\n<div>Nunca venderemos ni alquilaremos su direcci\u00f3n de correo electr\u00f3nico, direcci\u00f3n postal o cualquier otra informaci\u00f3n de identificaci\u00f3n personal que nos proporcione.<\/div>\n<div>&nbsp;<\/div>\n<h3>Opt-In \/ Opt-Out<\/h3>\n<div>&nbsp;<\/div>\n<div>Si no desea seguir recibiendo nuestros mensajes de correo electr\u00f3nico, puede hacer clic en el enlace \u201cCancelar suscripci\u00f3n\u201d que se incluye en cada mensaje para dejar de recibirlos en el futuro.<\/div>\n<div>&nbsp;<\/div>\n<h3>Notificaciones por SMS<\/h3>\n<div>&nbsp;<\/div>\n<ol>\n<li>\n<div><p><strong>Recogida de informaci\u00f3n<\/strong><\/p>\n<div>&nbsp;<\/div>\n<p>Recopilamos el n\u00famero de tel\u00e9fono m\u00f3vil que nos proporciona para enviarle actualizaciones importantes por SMS y contenido promocional, que puede incluir confirmaciones de pedidos, notificaciones de env\u00edo, ofertas promocionales y material de marketing personalizado.<\/p><\/div>\n<div>&nbsp;<\/div>\n<\/li>\n<li>\n<div><p><strong>Consentimiento del usuario<\/strong><\/p>\n<div>&nbsp;<\/div>\n<p>Al introducir su n\u00famero de tel\u00e9fono m\u00f3vil y optar por recibir notificaciones por SMS, da su consentimiento para recibir mensajes de texto automatizados de <a href=\"https:\/\/pinscraftpro.com\/es\/\" target=\"_blank\" rel=\"noopener\">pinscraftpro.com<\/a>. Estos mensajes pueden contener contenido promocional o informaci\u00f3n relacionada con su cuenta.<\/p><\/div>\n<div>&nbsp;<\/div>\n<\/li>\n<li>\n<div><p><strong>Opci\u00f3n de exclusi\u00f3n<\/strong><\/p>\n<div>&nbsp;<\/div>\n<p>Puede dejar de recibir notificaciones por SMS en cualquier momento. Solo tiene que acceder a su cuenta para gestionar sus preferencias, incluida la cancelaci\u00f3n o reactivaci\u00f3n de las notificaciones por SMS.<\/p><\/div>\n<div>&nbsp;<\/div>\n<\/li>\n<li>\n<div><p><strong>Frecuencia y tarifas<\/strong><\/p>\n<div>&nbsp;<\/div>\n<p>La frecuencia de los mensajes SMS que enviamos puede variar. Pueden aplicarse tarifas est\u00e1ndar de SMS y datos por enviar y recibir mensajes seg\u00fan su plan de servicio m\u00f3vil. Si tiene alguna duda sobre su plan de SMS o datos, le recomendamos que se ponga en contacto directamente con su operador de telefon\u00eda m\u00f3vil.<\/p><\/div>\n<div>&nbsp;<\/div>\n<\/li>\n<li>\n<div><p><strong>Seguridad de la informaci\u00f3n<\/strong><\/p>\n<div>&nbsp;<\/div>\n<p>Aplicamos medidas de seguridad adecuadas para proteger su informaci\u00f3n personal, incluido su n\u00famero de tel\u00e9fono m\u00f3vil. No venderemos ni alquilaremos su informaci\u00f3n a terceros sin su consentimiento previo o a menos que lo exija la ley.<\/p><\/div>\n<div>&nbsp;<\/div>\n<\/li>\n<li>\n<div><p><strong>Terceros proveedores de servicios<\/strong><\/p>\n<div>&nbsp;<\/div>\n<p>Podemos compartir su informaci\u00f3n personal con terceros proveedores de servicios de confianza para que nos ayuden en el funcionamiento de nuestro sitio web, la tramitaci\u00f3n de pagos y la entrega de pedidos (por ejemplo, pasarelas de pago y transportistas log\u00edsticos). Dichos terceros est\u00e1n obligados a utilizar su informaci\u00f3n \u00fanicamente para prestar los servicios solicitados y no utilizar\u00e1n sus datos para sus propios fines de marketing sin su consentimiento. Adem\u00e1s, nunca venderemos sus archivos de dise\u00f1o o productos personalizados a terceros. Los productos expuestos en nuestro sitio web son s\u00f3lo para fines de demostraci\u00f3n y no est\u00e1n disponibles para la venta.<\/p><\/div>\n<div>&nbsp;<\/div>\n<\/li>\n<li>\n<div><p><strong>Privacidad infantil<\/strong><\/p>\n<div>&nbsp;<\/div>\n<p>Nuestro sitio web y nuestros servicios no est\u00e1n destinados a personas menores de 13 a\u00f1os. No recopilamos conscientemente informaci\u00f3n personal de ni\u00f1os menores de 13 a\u00f1os. Si nos damos cuenta de que hemos recibido inadvertidamente informaci\u00f3n personal de un ni\u00f1o menor de 13 a\u00f1os, borraremos dicha informaci\u00f3n inmediatamente. Si usted es padre o tutor legal y cree que su hijo nos ha proporcionado informaci\u00f3n personal, p\u00f3ngase en contacto con nosotros en info@pinscraftpro.com.<\/p><\/div>\n<div>&nbsp;<\/div>\n<\/li>\n<li>\n<div><p><strong>Derechos del interesado<\/strong><\/p>\n<div>&nbsp;<\/div>\n<p>Tiene derecho a solicitar el acceso a la informaci\u00f3n personal que tenemos sobre usted, solicitar la correcci\u00f3n de los datos inexactos o solicitar la supresi\u00f3n de sus datos personales, salvo determinadas excepciones legales. Tambi\u00e9n tiene derecho a recibir una copia de sus datos personales en un formato estructurado y legible por m\u00e1quina para su transferencia a otros proveedores de servicios. Para ejercer estos derechos, env\u00ede un correo electr\u00f3nico a info@pinscraftpro.com con el asunto \u201cSolicitud de derechos de datos\u201d.<\/p><\/div>\n<div>&nbsp;<\/div>\n<\/li>\n<li>\n<div><p><strong>Notificaci\u00f3n de violaci\u00f3n de datos<\/strong><\/p>\n<div>&nbsp;<\/div>\n<p>En caso de que se produzca una violaci\u00f3n de la seguridad que d\u00e9 lugar a un acceso no autorizado o a la divulgaci\u00f3n de su informaci\u00f3n personal, se lo notificaremos a usted y a las autoridades reguladoras pertinentes de conformidad con las leyes y reglamentos aplicables. Le facilitaremos sin demora informaci\u00f3n detallada sobre la violaci\u00f3n, incluido el tipo de informaci\u00f3n afectada y las medidas de protecci\u00f3n que puede adoptar.<\/p><\/div>\n<div>&nbsp;<\/div>\n<\/li>\n<li>\n<div><p><strong>Actualizaciones de la pol\u00edtica de privacidad<\/strong><\/p>\n<div>&nbsp;<\/div>\n<p>Es posible que actualicemos esta pol\u00edtica de privacidad de vez en cuando. Cualquier cambio ser\u00e1 publicado en esta p\u00e1gina, y le animamos a revisar esta pol\u00edtica con regularidad para mantenerse informado sobre c\u00f3mo protegemos su informaci\u00f3n personal.<\/p><\/div>\n<div>&nbsp;<\/div>\n<\/li>\n<\/ol>\n<div>&nbsp;<\/div>\n<h3>Seguridad<\/h3>\n<div>&nbsp;<\/div>\n<div><a href=\"https:\/\/pinscraftpro.com\/es\/\" target=\"_blank\" rel=\"noopener\">pinscraftpro.com<\/a> toma todas las medidas necesarias para salvaguardar la informaci\u00f3n de los usuarios. Cuando usted env\u00eda informaci\u00f3n sensible a trav\u00e9s de nuestro sitio web, sus datos est\u00e1n protegidos por medidas de seguridad tanto en l\u00ednea como fuera de l\u00ednea.<\/div>\n<div>&nbsp;<\/div>\n<div>Cuando nuestros formularios de registro\/pedido solicitan informaci\u00f3n confidencial (por ejemplo, n\u00fameros de tarjetas de cr\u00e9dito), dichos datos se encriptan utilizando la tecnolog\u00eda SSL (Secure Sockets Layer) est\u00e1ndar del sector para una transmisi\u00f3n segura.<\/div>\n<div>&nbsp;<\/div>\n<h3>Correcci\u00f3n y actualizaci\u00f3n de datos personales<\/h3>\n<div>&nbsp;<\/div>\n<div>Si su informaci\u00f3n de identificaci\u00f3n personal cambia, o si ya no desea utilizar nuestros servicios, haremos todos los esfuerzos razonables para proporcionarle los medios para corregir, actualizar o eliminar los datos personales que nos ha proporcionado. Puede hacerlo enviando un correo electr\u00f3nico a info@pinscraftpro.com.<\/div>\n<div>&nbsp;<\/div>\n<h3>Notificaci\u00f3n de cambios<\/h3>\n<div>&nbsp;<\/div>\n<div>Cualquier cambio material en la forma <a href=\"https:\/\/pinscraftpro.com\/es\/\" target=\"_blank\" rel=\"noopener\">pinscraftpro.com<\/a> utiliza su informaci\u00f3n personal se reflejar\u00e1 en las versiones posteriores de esta Pol\u00edtica de Privacidad. Si tiene alguna pregunta sobre esta Pol\u00edtica de Privacidad o sobre nuestras pr\u00e1cticas de privacidad, no dude en ponerse en contacto con nosotros. Indique \u201cConsulta sobre la pol\u00edtica de privacidad\u201d en el asunto del correo electr\u00f3nico. Nos esforzaremos por responder a todas las consultas razonables en un plazo de cinco d\u00edas laborables a partir de su recepci\u00f3n.<\/div>\n<div>&nbsp;<\/div>\n<h3>Informaci\u00f3n de contacto<\/h3>\n<div>&nbsp;<\/div>\n<div>Si tiene alguna pregunta sobre esta Pol\u00edtica de privacidad, p\u00f3ngase en contacto con nosotros en:<\/div>\n<div>&nbsp;<\/div>\n<ul>\n<li>Correo electr\u00f3nico: info@pinscraftpro.com<\/li>\n<\/ul>\n<\/div>\n<\/div>\n<\/div>\t\t\t\t\t\t\t\t<\/div>\n\t\t\t\t<div class=\"elementor-element elementor-element-80bcd23 elementor-widget elementor-widget-image\" data-id=\"80bcd23\" data-element_type=\"widget\" data-e-type=\"widget\" data-widget_type=\"image.default\">\n\t\t\t\t\t\t\t\t\t\t\t\t\t\t\t<img loading=\"lazy\" decoding=\"async\" width=\"367\" height=\"225\" src=\"https:\/\/pinscraftpro.com\/wp-content\/uploads\/2025\/12\/logo.webp\" class=\"attachment-large size-large wp-image-2938\" alt=\"Logo for Terms and Conditions\" srcset=\"https:\/\/pinscraftpro.com\/wp-content\/uploads\/2025\/12\/logo.webp 367w, https:\/\/pinscraftpro.com\/wp-content\/uploads\/2025\/12\/logo-150x92.webp 150w\" sizes=\"auto, (max-width: 367px) 100vw, 367px\" \/>\t\t\t\t\t\t\t\t\t\t\t\t\t\t\t<\/div>\n\t\t\t\t<\/div>\n\t\t\t\t\t<\/div>\n\t\t\t\t<\/div>\n\t\t\t\t<\/div>","protected":false},"excerpt":{"rendered":"<p>&nbsp; About Privacy Policy Terms and Conditions About Privacy Policy Terms and Conditions About Help Center Frequently Asked Questions (FAQs)<\/p>","protected":false},"author":1,"featured_media":0,"parent":72,"menu_order":0,"comment_status":"closed","ping_status":"closed","template":"elementor_header_footer","meta":{"footnotes":""},"class_list":["post-80","page","type-page","status-publish","hentry"],"_links":{"self":[{"href":"https:\/\/pinscraftpro.com\/es\/wp-json\/wp\/v2\/pages\/80","targetHints":{"allow":["GET"]}}],"collection":[{"href":"https:\/\/pinscraftpro.com\/es\/wp-json\/wp\/v2\/pages"}],"about":[{"href":"https:\/\/pinscraftpro.com\/es\/wp-json\/wp\/v2\/types\/page"}],"author":[{"embeddable":true,"href":"https:\/\/pinscraftpro.com\/es\/wp-json\/wp\/v2\/users\/1"}],"replies":[{"embeddable":true,"href":"https:\/\/pinscraftpro.com\/es\/wp-json\/wp\/v2\/comments?post=80"}],"version-history":[{"count":18,"href":"https:\/\/pinscraftpro.com\/es\/wp-json\/wp\/v2\/pages\/80\/revisions"}],"predecessor-version":[{"id":12117,"href":"https:\/\/pinscraftpro.com\/es\/wp-json\/wp\/v2\/pages\/80\/revisions\/12117"}],"up":[{"embeddable":true,"href":"https:\/\/pinscraftpro.com\/es\/wp-json\/wp\/v2\/pages\/72"}],"wp:attachment":[{"href":"https:\/\/pinscraftpro.com\/es\/wp-json\/wp\/v2\/media?parent=80"}],"curies":[{"name":"wp","href":"https:\/\/api.w.org\/{rel}","templated":true}]}}