{"id":12772,"date":"2026-05-09T11:37:33","date_gmt":"2026-05-09T11:37:33","guid":{"rendered":"https:\/\/pinscraftpro.com\/?post_type=product&#038;p=12772"},"modified":"2026-05-11T07:58:54","modified_gmt":"2026-05-11T07:58:54","slug":"custom-blank-trading-pins","status":"publish","type":"product","link":"https:\/\/pinscraftpro.com\/fr\/produit\/custom-blank-trading-pins\/","title":{"rendered":"\u00c9pingles d'\u00e9change de diamants personnalis\u00e9es"},"content":{"rendered":"","protected":false},"excerpt":{"rendered":"","protected":false},"featured_media":12832,"comment_status":"open","ping_status":"closed","template":"","meta":[],"product_brand":[],"product_cat":[145],"product_tag":[],"class_list":{"0":"post-12772","1":"product","2":"type-product","3":"status-publish","4":"has-post-thumbnail","6":"product_cat-online-design","8":"first","9":"instock","10":"shipping-taxable","11":"purchasable","12":"product-type-simple"},"_links":{"self":[{"href":"https:\/\/pinscraftpro.com\/fr\/wp-json\/wp\/v2\/product\/12772","targetHints":{"allow":["GET"]}}],"collection":[{"href":"https:\/\/pinscraftpro.com\/fr\/wp-json\/wp\/v2\/product"}],"about":[{"href":"https:\/\/pinscraftpro.com\/fr\/wp-json\/wp\/v2\/types\/product"}],"replies":[{"embeddable":true,"href":"https:\/\/pinscraftpro.com\/fr\/wp-json\/wp\/v2\/comments?post=12772"}],"wp:featuredmedia":[{"embeddable":true,"href":"https:\/\/pinscraftpro.com\/fr\/wp-json\/wp\/v2\/media\/12832"}],"wp:attachment":[{"href":"https:\/\/pinscraftpro.com\/fr\/wp-json\/wp\/v2\/media?parent=12772"}],"wp:term":[{"taxonomy":"product_brand","embeddable":true,"href":"https:\/\/pinscraftpro.com\/fr\/wp-json\/wp\/v2\/product_brand?post=12772"},{"taxonomy":"product_cat","embeddable":true,"href":"https:\/\/pinscraftpro.com\/fr\/wp-json\/wp\/v2\/product_cat?post=12772"},{"taxonomy":"product_tag","embeddable":true,"href":"https:\/\/pinscraftpro.com\/fr\/wp-json\/wp\/v2\/product_tag?post=12772"}],"curies":[{"name":"wp","href":"https:\/\/api.w.org\/{rel}","templated":true}]}}