{"id":12864,"date":"2026-05-11T10:13:29","date_gmt":"2026-05-11T10:13:29","guid":{"rendered":"https:\/\/pinscraftpro.com\/?post_type=product&#038;p=12864"},"modified":"2026-05-11T10:15:03","modified_gmt":"2026-05-11T10:15:03","slug":"custom-blank-sunburst-edge-coins","status":"publish","type":"product","link":"https:\/\/pinscraftpro.com\/fr\/produit\/custom-blank-sunburst-edge-coins\/","title":{"rendered":"Pi\u00e8ces de monnaie vierges personnalis\u00e9es avec bord ensoleill\u00e9"},"content":{"rendered":"","protected":false},"excerpt":{"rendered":"","protected":false},"featured_media":12870,"comment_status":"open","ping_status":"closed","template":"","meta":[],"product_brand":[],"product_cat":[145],"product_tag":[],"class_list":{"0":"post-12864","1":"product","2":"type-product","3":"status-publish","4":"has-post-thumbnail","6":"product_cat-online-design","8":"first","9":"instock","10":"shipping-taxable","11":"purchasable","12":"product-type-simple"},"_links":{"self":[{"href":"https:\/\/pinscraftpro.com\/fr\/wp-json\/wp\/v2\/product\/12864","targetHints":{"allow":["GET"]}}],"collection":[{"href":"https:\/\/pinscraftpro.com\/fr\/wp-json\/wp\/v2\/product"}],"about":[{"href":"https:\/\/pinscraftpro.com\/fr\/wp-json\/wp\/v2\/types\/product"}],"replies":[{"embeddable":true,"href":"https:\/\/pinscraftpro.com\/fr\/wp-json\/wp\/v2\/comments?post=12864"}],"wp:featuredmedia":[{"embeddable":true,"href":"https:\/\/pinscraftpro.com\/fr\/wp-json\/wp\/v2\/media\/12870"}],"wp:attachment":[{"href":"https:\/\/pinscraftpro.com\/fr\/wp-json\/wp\/v2\/media?parent=12864"}],"wp:term":[{"taxonomy":"product_brand","embeddable":true,"href":"https:\/\/pinscraftpro.com\/fr\/wp-json\/wp\/v2\/product_brand?post=12864"},{"taxonomy":"product_cat","embeddable":true,"href":"https:\/\/pinscraftpro.com\/fr\/wp-json\/wp\/v2\/product_cat?post=12864"},{"taxonomy":"product_tag","embeddable":true,"href":"https:\/\/pinscraftpro.com\/fr\/wp-json\/wp\/v2\/product_tag?post=12864"}],"curies":[{"name":"wp","href":"https:\/\/api.w.org\/{rel}","templated":true}]}}