{"id":76,"date":"2025-10-31T05:43:25","date_gmt":"2025-10-31T05:43:25","guid":{"rendered":"https:\/\/pinscraftpro.com\/?page_id=76"},"modified":"2026-04-28T05:51:18","modified_gmt":"2026-04-28T05:51:18","slug":"contact-us","status":"publish","type":"page","link":"https:\/\/pinscraftpro.com\/pt\/contact-us\/","title":{"rendered":"Contactar-nos"},"content":{"rendered":"<div data-elementor-type=\"wp-page\" data-elementor-id=\"76\" class=\"elementor elementor-76\" data-elementor-post-type=\"page\">\n\t\t\t\t<div class=\"wd-negative-gap elementor-element elementor-element-0321b0a wd-section-stretch e-flex e-con-boxed e-con e-parent\" data-id=\"0321b0a\" data-element_type=\"container\" data-e-type=\"container\">\n\t\t\t\t\t<div class=\"e-con-inner\">\n\t\t<div class=\"elementor-element elementor-element-ee50162 e-con-full e-flex e-con e-child\" data-id=\"ee50162\" data-element_type=\"container\" data-e-type=\"container\">\n\t\t\t\t<div class=\"elementor-element elementor-element-41e23e7 elementor-widget elementor-widget-template\" data-id=\"41e23e7\" data-element_type=\"widget\" data-e-type=\"widget\" data-widget_type=\"template.default\">\n\t\t\t\t<div class=\"elementor-widget-container\">\n\t\t\t\t\t\t\t<div class=\"elementor-template\">\r\n\t\t\t\t\t<div data-elementor-type=\"page\" data-elementor-id=\"342\" class=\"elementor elementor-342\" data-elementor-post-type=\"elementor_library\">\n\t\t\t\t<div class=\"elementor-element elementor-element-1f0589a e-con-full e-flex e-con e-parent\" data-id=\"1f0589a\" data-element_type=\"container\" data-e-type=\"container\">\n\t\t<div class=\"elementor-element elementor-element-e61310f e-con-full e-flex e-con e-child\" data-id=\"e61310f\" data-element_type=\"container\" data-e-type=\"container\" data-settings=\"{&quot;background_background&quot;:&quot;classic&quot;}\">\n\t\t\t\t<div class=\"elementor-element elementor-element-de9ff64 elementor-view-default elementor-widget elementor-widget-icon\" data-id=\"de9ff64\" data-element_type=\"widget\" data-e-type=\"widget\" data-widget_type=\"icon.default\">\n\t\t\t\t\t\t\t<div class=\"elementor-icon-wrapper\">\n\t\t\t<div class=\"elementor-icon\">\n\t\t\t<svg aria-hidden=\"true\" class=\"e-font-icon-svg e-fas-sort-down\" viewbox=\"0 0 320 512\" xmlns=\"http:\/\/www.w3.org\/2000\/svg\"><path d=\"M41 288h238c21.4 0 32.1 25.9 17 41L177 448c-9.4 9.4-24.6 9.4-33.9 0L24 329c-15.1-15.1-4.4-41 17-41z\"><\/path><\/svg>\t\t\t<\/div>\n\t\t<\/div>\n\t\t\t\t\t\t<\/div>\n\t\t\t\t<div class=\"elementor-element elementor-element-69af56a elementor-widget elementor-widget-heading\" data-id=\"69af56a\" data-element_type=\"widget\" data-e-type=\"widget\" data-widget_type=\"heading.default\">\n\t\t\t\t\t<h3 class=\"elementor-heading-title elementor-size-default\">Sobre<\/h3>\t\t\t\t<\/div>\n\t\t\t\t<\/div>\n\t\t\t\t<div class=\"elementor-element elementor-element-60e575a side-menus elementor-nav-menu--dropdown-none elementor-widget elementor-widget-nav-menu\" data-id=\"60e575a\" data-element_type=\"widget\" data-e-type=\"widget\" data-settings=\"{&quot;layout&quot;:&quot;vertical&quot;,&quot;submenu_icon&quot;:{&quot;value&quot;:&quot;&lt;svg aria-hidden=\\&quot;true\\&quot; class=\\&quot;e-font-icon-svg e-fas-caret-down\\&quot; viewBox=\\&quot;0 0 320 512\\&quot; xmlns=\\&quot;http:\\\/\\\/www.w3.org\\\/2000\\\/svg\\&quot;&gt;&lt;path d=\\&quot;M31.3 192h257.3c17.8 0 26.7 21.5 14.1 34.1L174.1 354.8c-7.8 7.8-20.5 7.8-28.3 0L17.2 226.1C4.6 213.5 13.5 192 31.3 192z\\&quot;&gt;&lt;\\\/path&gt;&lt;\\\/svg&gt;&quot;,&quot;library&quot;:&quot;fa-solid&quot;}}\" data-widget_type=\"nav-menu.default\">\n\t\t\t\t\t\t\t\t<nav aria-label=\"Menu\" class=\"elementor-nav-menu--main elementor-nav-menu__container elementor-nav-menu--layout-vertical e--pointer-none\">\r\n\t\t\t\t<ul id=\"menu-1-60e575a\" class=\"elementor-nav-menu sm-vertical\"><li class=\"menu-item menu-item-type-post_type menu-item-object-page menu-item-2958\"><a href=\"https:\/\/pinscraftpro.com\/pt\/help-center\/privacy-policy\/\" class=\"elementor-item\">Pol\u00edtica de privacidade<\/a><\/li>\n<li class=\"menu-item menu-item-type-post_type menu-item-object-page menu-item-2959\"><a href=\"https:\/\/pinscraftpro.com\/pt\/terms-and-conditions\/\" class=\"elementor-item\">Termos e condi\u00e7\u00f5es<\/a><\/li>\n<li class=\"menu-item menu-item-type-post_type menu-item-object-page menu-item-2957\"><a href=\"https:\/\/pinscraftpro.com\/pt\/about\/\" class=\"elementor-item\">Sobre<\/a><\/li>\n<\/ul>\t\t\t<\/nav>\r\n\t\t\t\t\t\t<nav class=\"elementor-nav-menu--dropdown elementor-nav-menu__container\" aria-hidden=\"true\">\r\n\t\t\t\t<ul id=\"menu-2-60e575a\" class=\"elementor-nav-menu sm-vertical\"><li class=\"menu-item menu-item-type-post_type menu-item-object-page menu-item-2958\"><a href=\"https:\/\/pinscraftpro.com\/pt\/help-center\/privacy-policy\/\" class=\"elementor-item\" tabindex=\"-1\">Pol\u00edtica de privacidade<\/a><\/li>\n<li class=\"menu-item menu-item-type-post_type menu-item-object-page menu-item-2959\"><a href=\"https:\/\/pinscraftpro.com\/pt\/terms-and-conditions\/\" class=\"elementor-item\" tabindex=\"-1\">Termos e condi\u00e7\u00f5es<\/a><\/li>\n<li class=\"menu-item menu-item-type-post_type menu-item-object-page menu-item-2957\"><a href=\"https:\/\/pinscraftpro.com\/pt\/about\/\" class=\"elementor-item\" tabindex=\"-1\">Sobre<\/a><\/li>\n<\/ul>\t\t\t<\/nav>\r\n\t\t\t\t\t\t<\/div>\n\t\t\t\t<\/div>\n\t\t<div class=\"elementor-element elementor-element-e61c22a e-con-full e-flex e-con e-parent\" data-id=\"e61c22a\" data-element_type=\"container\" data-e-type=\"container\">\n\t\t<div class=\"elementor-element elementor-element-6201539 e-con-full e-flex e-con e-child\" data-id=\"6201539\" data-element_type=\"container\" data-e-type=\"container\" data-settings=\"{&quot;background_background&quot;:&quot;classic&quot;}\">\n\t\t\t\t<div class=\"elementor-element elementor-element-86d90a0 elementor-view-default elementor-widget elementor-widget-icon\" data-id=\"86d90a0\" data-element_type=\"widget\" data-e-type=\"widget\" data-widget_type=\"icon.default\">\n\t\t\t\t\t\t\t<div class=\"elementor-icon-wrapper\">\n\t\t\t<div class=\"elementor-icon\">\n\t\t\t<svg aria-hidden=\"true\" class=\"e-font-icon-svg e-fas-sort-down\" viewbox=\"0 0 320 512\" xmlns=\"http:\/\/www.w3.org\/2000\/svg\"><path d=\"M41 288h238c21.4 0 32.1 25.9 17 41L177 448c-9.4 9.4-24.6 9.4-33.9 0L24 329c-15.1-15.1-4.4-41 17-41z\"><\/path><\/svg>\t\t\t<\/div>\n\t\t<\/div>\n\t\t\t\t\t\t<\/div>\n\t\t\t\t<div class=\"elementor-element elementor-element-c9b34c5 elementor-widget elementor-widget-heading\" data-id=\"c9b34c5\" data-element_type=\"widget\" data-e-type=\"widget\" data-widget_type=\"heading.default\">\n\t\t\t\t\t<h3 class=\"elementor-heading-title elementor-size-default\">Centro de ajuda<\/h3>\t\t\t\t<\/div>\n\t\t\t\t<\/div>\n\t\t\t\t<div class=\"elementor-element elementor-element-34e6a0f side-menus elementor-nav-menu--dropdown-none elementor-widget elementor-widget-nav-menu\" data-id=\"34e6a0f\" data-element_type=\"widget\" data-e-type=\"widget\" data-settings=\"{&quot;layout&quot;:&quot;vertical&quot;,&quot;submenu_icon&quot;:{&quot;value&quot;:&quot;&lt;svg aria-hidden=\\&quot;true\\&quot; class=\\&quot;e-font-icon-svg e-fas-caret-down\\&quot; viewBox=\\&quot;0 0 320 512\\&quot; xmlns=\\&quot;http:\\\/\\\/www.w3.org\\\/2000\\\/svg\\&quot;&gt;&lt;path d=\\&quot;M31.3 192h257.3c17.8 0 26.7 21.5 14.1 34.1L174.1 354.8c-7.8 7.8-20.5 7.8-28.3 0L17.2 226.1C4.6 213.5 13.5 192 31.3 192z\\&quot;&gt;&lt;\\\/path&gt;&lt;\\\/svg&gt;&quot;,&quot;library&quot;:&quot;fa-solid&quot;}}\" data-widget_type=\"nav-menu.default\">\n\t\t\t\t\t\t\t\t<nav aria-label=\"Menu\" class=\"elementor-nav-menu--main elementor-nav-menu__container elementor-nav-menu--layout-vertical e--pointer-none\">\r\n\t\t\t\t<ul id=\"menu-1-34e6a0f\" class=\"elementor-nav-menu sm-vertical\"><li class=\"menu-item menu-item-type-post_type menu-item-object-page menu-item-356\"><a href=\"https:\/\/pinscraftpro.com\/pt\/help-center\/frequently-asked-questions-faqs\/\" class=\"elementor-item\">Perguntas mais frequentes (FAQs)<\/a><\/li>\n<li class=\"menu-item menu-item-type-post_type menu-item-object-page menu-item-2960\"><a href=\"https:\/\/pinscraftpro.com\/pt\/contact-us\/\" class=\"elementor-item\">Contactar-nos<\/a><\/li>\n<\/ul>\t\t\t<\/nav>\r\n\t\t\t\t\t\t<nav class=\"elementor-nav-menu--dropdown elementor-nav-menu__container\" aria-hidden=\"true\">\r\n\t\t\t\t<ul id=\"menu-2-34e6a0f\" class=\"elementor-nav-menu sm-vertical\"><li class=\"menu-item menu-item-type-post_type menu-item-object-page menu-item-356\"><a href=\"https:\/\/pinscraftpro.com\/pt\/help-center\/frequently-asked-questions-faqs\/\" class=\"elementor-item\" tabindex=\"-1\">Perguntas mais frequentes (FAQs)<\/a><\/li>\n<li class=\"menu-item menu-item-type-post_type menu-item-object-page menu-item-2960\"><a href=\"https:\/\/pinscraftpro.com\/pt\/contact-us\/\" class=\"elementor-item\" tabindex=\"-1\">Contactar-nos<\/a><\/li>\n<\/ul>\t\t\t<\/nav>\r\n\t\t\t\t\t\t<\/div>\n\t\t\t\t<\/div>\n\t\t<div class=\"elementor-element elementor-element-04494ec e-con-full e-flex e-con e-parent\" data-id=\"04494ec\" data-element_type=\"container\" data-e-type=\"container\">\n\t\t<div class=\"elementor-element elementor-element-44f0618 e-con-full e-flex e-con e-child\" data-id=\"44f0618\" data-element_type=\"container\" data-e-type=\"container\" data-settings=\"{&quot;background_background&quot;:&quot;classic&quot;}\">\n\t\t\t\t<div class=\"elementor-element elementor-element-04be228 elementor-view-default elementor-widget elementor-widget-icon\" data-id=\"04be228\" data-element_type=\"widget\" data-e-type=\"widget\" data-widget_type=\"icon.default\">\n\t\t\t\t\t\t\t<div class=\"elementor-icon-wrapper\">\n\t\t\t<div class=\"elementor-icon\">\n\t\t\t<svg aria-hidden=\"true\" class=\"e-font-icon-svg e-fas-sort-down\" viewbox=\"0 0 320 512\" xmlns=\"http:\/\/www.w3.org\/2000\/svg\"><path d=\"M41 288h238c21.4 0 32.1 25.9 17 41L177 448c-9.4 9.4-24.6 9.4-33.9 0L24 329c-15.1-15.1-4.4-41 17-41z\"><\/path><\/svg>\t\t\t<\/div>\n\t\t<\/div>\n\t\t\t\t\t\t<\/div>\n\t\t\t\t<div class=\"elementor-element elementor-element-5e45123 elementor-widget elementor-widget-heading\" data-id=\"5e45123\" data-element_type=\"widget\" data-e-type=\"widget\" data-widget_type=\"heading.default\">\n\t\t\t\t\t<h3 class=\"elementor-heading-title elementor-size-default\"><a href=\"https:\/\/pinscraftpro.com\/pt\/blog\/\">Blogue<\/a><\/h3>\t\t\t\t<\/div>\n\t\t\t\t<\/div>\n\t\t\t\t<\/div>\n\t\t\t\t<\/div>\n\t\t\t\t<\/div>\r\n\t\t\t\t\t\t<\/div>\n\t\t\t\t<\/div>\n\t\t\t\t<\/div>\n\t\t<div class=\"elementor-element elementor-element-385aab1 e-con-full e-flex e-con e-child\" data-id=\"385aab1\" data-element_type=\"container\" data-e-type=\"container\">\n\t\t\t\t<div class=\"elementor-element elementor-element-cf4693b elementor-widget elementor-widget-image\" data-id=\"cf4693b\" data-element_type=\"widget\" data-e-type=\"widget\" data-widget_type=\"image.default\">\n\t\t\t\t\t\t\t\t\t\t\t\t\t\t\t<img loading=\"lazy\" decoding=\"async\" width=\"1875\" height=\"379\" src=\"https:\/\/pinscraftpro.com\/wp-content\/uploads\/2025\/11\/254617456e.webp\" class=\"attachment-full size-full wp-image-385\" alt=\"254617456E for Contact Us\" srcset=\"https:\/\/pinscraftpro.com\/wp-content\/uploads\/2025\/11\/254617456e.webp 1875w, https:\/\/pinscraftpro.com\/wp-content\/uploads\/2025\/11\/254617456e-150x30.webp 150w, https:\/\/pinscraftpro.com\/wp-content\/uploads\/2025\/11\/254617456e-600x121.webp 600w, https:\/\/pinscraftpro.com\/wp-content\/uploads\/2025\/11\/254617456e-768x155.webp 768w, https:\/\/pinscraftpro.com\/wp-content\/uploads\/2025\/11\/254617456e-1536x310.webp 1536w\" sizes=\"auto, (max-width: 1875px) 100vw, 1875px\" \/>\t\t\t\t\t\t\t\t\t\t\t\t\t\t\t<\/div>\n\t\t\t\t<div class=\"elementor-element elementor-element-6e39de0 color-scheme-inherit text-left elementor-widget elementor-widget-text-editor\" data-id=\"6e39de0\" data-element_type=\"widget\" data-e-type=\"widget\" data-widget_type=\"text-editor.default\">\n\t\t\t\t\t\t\t\t\tDamos prioridade a um servi\u00e7o de apoio ao cliente r\u00e1pido e esfor\u00e7amo-nos por satisfazer as necessidades de todos os clientes.\nSe tiver quaisquer problemas, coment\u00e1rios ou ideias, n\u00e3o hesite em contactar-nos:\n\t\t\t\t\t\t\t\t<\/div>\n\t\t<div class=\"elementor-element elementor-element-9e4278c e-con-full e-flex e-con e-child\" data-id=\"9e4278c\" data-element_type=\"container\" data-e-type=\"container\" data-settings=\"{&quot;background_background&quot;:&quot;classic&quot;}\">\n\t\t\t\t<div class=\"elementor-element elementor-element-7491154 elementor-widget elementor-widget-heading\" data-id=\"7491154\" data-element_type=\"widget\" data-e-type=\"widget\" data-widget_type=\"heading.default\">\n\t\t\t\t\t<h4 class=\"elementor-heading-title elementor-size-default\">Hor\u00e1rio de atendimento:<\/h4>\t\t\t\t<\/div>\n\t\t\t\t<div class=\"elementor-element elementor-element-c5f3863 color-scheme-inherit text-left elementor-widget elementor-widget-text-editor\" data-id=\"c5f3863\" data-element_type=\"widget\" data-e-type=\"widget\" data-widget_type=\"text-editor.default\">\n\t\t\t\t\t\t\t\t\t<p>De segunda a domingo, das 8h30 \u00e0s 18h00, hora (CN)<\/p>\t\t\t\t\t\t\t\t<\/div>\n\t\t\t\t<\/div>\n\t\t<div class=\"elementor-element elementor-element-9bcda79 e-con-full e-flex e-con e-child\" data-id=\"9bcda79\" data-element_type=\"container\" data-e-type=\"container\" data-settings=\"{&quot;background_background&quot;:&quot;classic&quot;}\">\n\t\t\t\t<div class=\"elementor-element elementor-element-c22a4ca elementor-widget elementor-widget-heading\" data-id=\"c22a4ca\" data-element_type=\"widget\" data-e-type=\"widget\" data-widget_type=\"heading.default\">\n\t\t\t\t\t<h4 class=\"elementor-heading-title elementor-size-default\"><a href=\"mailto:Info@pinscraftpro.com\" target=\"_blank\">Correio eletr\u00f3nico: Info@pinscraftpro.com<\/a><\/h4>\t\t\t\t<\/div>\n\t\t\t\t<div class=\"elementor-element elementor-element-f11cc55 color-scheme-inherit text-left elementor-widget elementor-widget-text-editor\" data-id=\"f11cc55\" data-element_type=\"widget\" data-e-type=\"widget\" data-widget_type=\"text-editor.default\">\n\t\t\t\t\t\t\t\t\t<p>Receber\u00e1 uma resposta no prazo de 24 horas.<\/p>\t\t\t\t\t\t\t\t<\/div>\n\t\t\t\t<\/div>\n\t\t<div class=\"elementor-element elementor-element-c003ecb e-con-full e-flex e-con e-child\" data-id=\"c003ecb\" data-element_type=\"container\" data-e-type=\"container\" data-settings=\"{&quot;background_background&quot;:&quot;classic&quot;}\">\n\t\t\t\t<div class=\"elementor-element elementor-element-97b0758 elementor-widget elementor-widget-heading\" data-id=\"97b0758\" data-element_type=\"widget\" data-e-type=\"widget\" data-widget_type=\"heading.default\">\n\t\t\t\t\t<h4 class=\"elementor-heading-title elementor-size-default\"><a href=\"https:\/\/wa.me\/message\/Q3NVD5F5IAYYP1\" target=\"_blank\" rel=\"noopener\">Telefone\/What's APP: +86 17839713437<\/a><\/h4>\t\t\t\t<\/div>\n\t\t\t\t<div class=\"elementor-element elementor-element-d597fe4 color-scheme-inherit text-left elementor-widget elementor-widget-text-editor\" data-id=\"d597fe4\" data-element_type=\"widget\" data-e-type=\"widget\" data-widget_type=\"text-editor.default\">\n\t\t\t\t\t\t\t\t\tLigue-nos - estamos aqui para ajudar!\t\t\t\t\t\t\t\t<\/div>\n\t\t\t\t<\/div>\n\t\t<div class=\"elementor-element elementor-element-ed7a346 e-con-full e-flex e-con e-child\" data-id=\"ed7a346\" data-element_type=\"container\" data-e-type=\"container\" data-settings=\"{&quot;background_background&quot;:&quot;classic&quot;}\">\n\t\t\t\t<div class=\"elementor-element elementor-element-3486861 elementor-widget elementor-widget-heading\" data-id=\"3486861\" data-element_type=\"widget\" data-e-type=\"widget\" data-widget_type=\"heading.default\">\n\t\t\t\t\t<h4 class=\"elementor-heading-title elementor-size-default\">Servi\u00e7o de apoio ao cliente<\/h4>\t\t\t\t<\/div>\n\t\t\t\t<div class=\"elementor-element elementor-element-e379987 color-scheme-inherit text-left elementor-widget elementor-widget-text-editor\" data-id=\"e379987\" data-element_type=\"widget\" data-e-type=\"widget\" data-widget_type=\"text-editor.default\">\n\t\t\t\t\t\t\t\t\t<p>Para o estado da encomenda ou assist\u00eancia p\u00f3s-compra: Basta enviar-nos uma mensagem de correio eletr\u00f3nico com o n\u00famero da sua encomenda e fornecer-lhe-emos prontamente todos os detalhes relevantes. Normalmente, respondemos a todos os pedidos de informa\u00e7\u00e3o no prazo de 24 horas.<\/p>\t\t\t\t\t\t\t\t<\/div>\n\t\t\t\t<\/div>\n\t\t\t\t<div class=\"elementor-element elementor-element-a7f2d44 elementor-widget elementor-widget-image\" data-id=\"a7f2d44\" data-element_type=\"widget\" data-e-type=\"widget\" data-widget_type=\"image.default\">\n\t\t\t\t\t\t\t\t\t\t\t\t\t\t\t<img loading=\"lazy\" decoding=\"async\" width=\"367\" height=\"225\" src=\"https:\/\/pinscraftpro.com\/wp-content\/uploads\/2025\/12\/logo.webp\" class=\"attachment-full size-full wp-image-2938\" alt=\"Logo for Terms and Conditions\" srcset=\"https:\/\/pinscraftpro.com\/wp-content\/uploads\/2025\/12\/logo.webp 367w, https:\/\/pinscraftpro.com\/wp-content\/uploads\/2025\/12\/logo-150x92.webp 150w\" sizes=\"auto, (max-width: 367px) 100vw, 367px\" \/>\t\t\t\t\t\t\t\t\t\t\t\t\t\t\t<\/div>\n\t\t\t\t<\/div>\n\t\t\t\t\t<\/div>\n\t\t\t\t<\/div>\n\t\t\t\t<\/div>","protected":false},"excerpt":{"rendered":"<p>We prioritize prompt customer service and strive to meet every customer\u2019s needs. If you have any issues, feedback, or ideas,<\/p>","protected":false},"author":1,"featured_media":0,"parent":0,"menu_order":0,"comment_status":"closed","ping_status":"closed","template":"elementor_header_footer","meta":{"footnotes":""},"class_list":["post-76","page","type-page","status-publish","hentry"],"_links":{"self":[{"href":"https:\/\/pinscraftpro.com\/pt\/wp-json\/wp\/v2\/pages\/76","targetHints":{"allow":["GET"]}}],"collection":[{"href":"https:\/\/pinscraftpro.com\/pt\/wp-json\/wp\/v2\/pages"}],"about":[{"href":"https:\/\/pinscraftpro.com\/pt\/wp-json\/wp\/v2\/types\/page"}],"author":[{"embeddable":true,"href":"https:\/\/pinscraftpro.com\/pt\/wp-json\/wp\/v2\/users\/1"}],"replies":[{"embeddable":true,"href":"https:\/\/pinscraftpro.com\/pt\/wp-json\/wp\/v2\/comments?post=76"}],"version-history":[{"count":49,"href":"https:\/\/pinscraftpro.com\/pt\/wp-json\/wp\/v2\/pages\/76\/revisions"}],"predecessor-version":[{"id":12122,"href":"https:\/\/pinscraftpro.com\/pt\/wp-json\/wp\/v2\/pages\/76\/revisions\/12122"}],"wp:attachment":[{"href":"https:\/\/pinscraftpro.com\/pt\/wp-json\/wp\/v2\/media?parent=76"}],"curies":[{"name":"wp","href":"https:\/\/api.w.org\/{rel}","templated":true}]}}