{"id":80,"date":"2025-10-31T05:44:08","date_gmt":"2025-10-31T05:44:08","guid":{"rendered":"https:\/\/pinscraftpro.com\/?page_id=80"},"modified":"2026-04-28T03:49:07","modified_gmt":"2026-04-28T03:49:07","slug":"privacy-policy","status":"publish","type":"page","link":"https:\/\/pinscraftpro.com\/pt\/help-center\/privacy-policy\/","title":{"rendered":"Pol\u00edtica de privacidade"},"content":{"rendered":"<div data-elementor-type=\"wp-page\" data-elementor-id=\"80\" class=\"elementor elementor-80\" data-elementor-post-type=\"page\">\n\t\t\t\t<div class=\"wd-negative-gap elementor-element elementor-element-3a4a7b7 wd-section-stretch e-flex e-con-boxed e-con e-parent\" data-id=\"3a4a7b7\" data-element_type=\"container\" data-e-type=\"container\">\n\t\t\t\t\t<div class=\"e-con-inner\">\n\t\t<div class=\"elementor-element elementor-element-d0d9f0d e-con-full e-flex e-con e-child\" data-id=\"d0d9f0d\" data-element_type=\"container\" data-e-type=\"container\">\n\t\t\t\t<div class=\"elementor-element elementor-element-2dccb78 elementor-widget elementor-widget-template\" data-id=\"2dccb78\" data-element_type=\"widget\" data-e-type=\"widget\" data-widget_type=\"template.default\">\n\t\t\t\t<div class=\"elementor-widget-container\">\n\t\t\t\t\t\t\t<div class=\"elementor-template\">\r\n\t\t\t\t\t<div data-elementor-type=\"page\" data-elementor-id=\"342\" class=\"elementor elementor-342\" data-elementor-post-type=\"elementor_library\">\n\t\t\t\t<div class=\"elementor-element elementor-element-1f0589a e-con-full e-flex e-con e-parent\" data-id=\"1f0589a\" data-element_type=\"container\" data-e-type=\"container\">\n\t\t<div class=\"elementor-element elementor-element-e61310f e-con-full e-flex e-con e-child\" data-id=\"e61310f\" data-element_type=\"container\" data-e-type=\"container\" data-settings=\"{&quot;background_background&quot;:&quot;classic&quot;}\">\n\t\t\t\t<div class=\"elementor-element elementor-element-de9ff64 elementor-view-default elementor-widget elementor-widget-icon\" data-id=\"de9ff64\" data-element_type=\"widget\" data-e-type=\"widget\" data-widget_type=\"icon.default\">\n\t\t\t\t\t\t\t<div class=\"elementor-icon-wrapper\">\n\t\t\t<div class=\"elementor-icon\">\n\t\t\t<svg aria-hidden=\"true\" class=\"e-font-icon-svg e-fas-sort-down\" viewbox=\"0 0 320 512\" xmlns=\"http:\/\/www.w3.org\/2000\/svg\"><path d=\"M41 288h238c21.4 0 32.1 25.9 17 41L177 448c-9.4 9.4-24.6 9.4-33.9 0L24 329c-15.1-15.1-4.4-41 17-41z\"><\/path><\/svg>\t\t\t<\/div>\n\t\t<\/div>\n\t\t\t\t\t\t<\/div>\n\t\t\t\t<div class=\"elementor-element elementor-element-69af56a elementor-widget elementor-widget-heading\" data-id=\"69af56a\" data-element_type=\"widget\" data-e-type=\"widget\" data-widget_type=\"heading.default\">\n\t\t\t\t\t<h3 class=\"elementor-heading-title elementor-size-default\">Sobre<\/h3>\t\t\t\t<\/div>\n\t\t\t\t<\/div>\n\t\t\t\t<div class=\"elementor-element elementor-element-60e575a side-menus elementor-nav-menu--dropdown-none elementor-widget elementor-widget-nav-menu\" data-id=\"60e575a\" data-element_type=\"widget\" data-e-type=\"widget\" data-settings=\"{&quot;layout&quot;:&quot;vertical&quot;,&quot;submenu_icon&quot;:{&quot;value&quot;:&quot;&lt;svg aria-hidden=\\&quot;true\\&quot; class=\\&quot;e-font-icon-svg e-fas-caret-down\\&quot; viewBox=\\&quot;0 0 320 512\\&quot; xmlns=\\&quot;http:\\\/\\\/www.w3.org\\\/2000\\\/svg\\&quot;&gt;&lt;path d=\\&quot;M31.3 192h257.3c17.8 0 26.7 21.5 14.1 34.1L174.1 354.8c-7.8 7.8-20.5 7.8-28.3 0L17.2 226.1C4.6 213.5 13.5 192 31.3 192z\\&quot;&gt;&lt;\\\/path&gt;&lt;\\\/svg&gt;&quot;,&quot;library&quot;:&quot;fa-solid&quot;}}\" data-widget_type=\"nav-menu.default\">\n\t\t\t\t\t\t\t\t<nav aria-label=\"Menu\" class=\"elementor-nav-menu--main elementor-nav-menu__container elementor-nav-menu--layout-vertical e--pointer-none\">\r\n\t\t\t\t<ul id=\"menu-1-60e575a\" class=\"elementor-nav-menu sm-vertical\"><li class=\"menu-item menu-item-type-post_type menu-item-object-page menu-item-2958\"><a href=\"https:\/\/pinscraftpro.com\/pt\/help-center\/privacy-policy\/\" class=\"elementor-item\">Pol\u00edtica de privacidade<\/a><\/li>\n<li class=\"menu-item menu-item-type-post_type menu-item-object-page menu-item-2959\"><a href=\"https:\/\/pinscraftpro.com\/pt\/terms-and-conditions\/\" class=\"elementor-item\">Termos e condi\u00e7\u00f5es<\/a><\/li>\n<li class=\"menu-item menu-item-type-post_type menu-item-object-page menu-item-2957\"><a href=\"https:\/\/pinscraftpro.com\/pt\/about\/\" class=\"elementor-item\">Sobre<\/a><\/li>\n<\/ul>\t\t\t<\/nav>\r\n\t\t\t\t\t\t<nav class=\"elementor-nav-menu--dropdown elementor-nav-menu__container\" aria-hidden=\"true\">\r\n\t\t\t\t<ul id=\"menu-2-60e575a\" class=\"elementor-nav-menu sm-vertical\"><li class=\"menu-item menu-item-type-post_type menu-item-object-page menu-item-2958\"><a href=\"https:\/\/pinscraftpro.com\/pt\/help-center\/privacy-policy\/\" class=\"elementor-item\" tabindex=\"-1\">Pol\u00edtica de privacidade<\/a><\/li>\n<li class=\"menu-item menu-item-type-post_type menu-item-object-page menu-item-2959\"><a href=\"https:\/\/pinscraftpro.com\/pt\/terms-and-conditions\/\" class=\"elementor-item\" tabindex=\"-1\">Termos e condi\u00e7\u00f5es<\/a><\/li>\n<li class=\"menu-item menu-item-type-post_type menu-item-object-page menu-item-2957\"><a href=\"https:\/\/pinscraftpro.com\/pt\/about\/\" class=\"elementor-item\" tabindex=\"-1\">Sobre<\/a><\/li>\n<\/ul>\t\t\t<\/nav>\r\n\t\t\t\t\t\t<\/div>\n\t\t\t\t<\/div>\n\t\t<div class=\"elementor-element elementor-element-e61c22a e-con-full e-flex e-con e-parent\" data-id=\"e61c22a\" data-element_type=\"container\" data-e-type=\"container\">\n\t\t<div class=\"elementor-element elementor-element-6201539 e-con-full e-flex e-con e-child\" data-id=\"6201539\" data-element_type=\"container\" data-e-type=\"container\" data-settings=\"{&quot;background_background&quot;:&quot;classic&quot;}\">\n\t\t\t\t<div class=\"elementor-element elementor-element-86d90a0 elementor-view-default elementor-widget elementor-widget-icon\" data-id=\"86d90a0\" data-element_type=\"widget\" data-e-type=\"widget\" data-widget_type=\"icon.default\">\n\t\t\t\t\t\t\t<div class=\"elementor-icon-wrapper\">\n\t\t\t<div class=\"elementor-icon\">\n\t\t\t<svg aria-hidden=\"true\" class=\"e-font-icon-svg e-fas-sort-down\" viewbox=\"0 0 320 512\" xmlns=\"http:\/\/www.w3.org\/2000\/svg\"><path d=\"M41 288h238c21.4 0 32.1 25.9 17 41L177 448c-9.4 9.4-24.6 9.4-33.9 0L24 329c-15.1-15.1-4.4-41 17-41z\"><\/path><\/svg>\t\t\t<\/div>\n\t\t<\/div>\n\t\t\t\t\t\t<\/div>\n\t\t\t\t<div class=\"elementor-element elementor-element-c9b34c5 elementor-widget elementor-widget-heading\" data-id=\"c9b34c5\" data-element_type=\"widget\" data-e-type=\"widget\" data-widget_type=\"heading.default\">\n\t\t\t\t\t<h3 class=\"elementor-heading-title elementor-size-default\">Centro de ajuda<\/h3>\t\t\t\t<\/div>\n\t\t\t\t<\/div>\n\t\t\t\t<div class=\"elementor-element elementor-element-34e6a0f side-menus elementor-nav-menu--dropdown-none elementor-widget elementor-widget-nav-menu\" data-id=\"34e6a0f\" data-element_type=\"widget\" data-e-type=\"widget\" data-settings=\"{&quot;layout&quot;:&quot;vertical&quot;,&quot;submenu_icon&quot;:{&quot;value&quot;:&quot;&lt;svg aria-hidden=\\&quot;true\\&quot; class=\\&quot;e-font-icon-svg e-fas-caret-down\\&quot; viewBox=\\&quot;0 0 320 512\\&quot; xmlns=\\&quot;http:\\\/\\\/www.w3.org\\\/2000\\\/svg\\&quot;&gt;&lt;path d=\\&quot;M31.3 192h257.3c17.8 0 26.7 21.5 14.1 34.1L174.1 354.8c-7.8 7.8-20.5 7.8-28.3 0L17.2 226.1C4.6 213.5 13.5 192 31.3 192z\\&quot;&gt;&lt;\\\/path&gt;&lt;\\\/svg&gt;&quot;,&quot;library&quot;:&quot;fa-solid&quot;}}\" data-widget_type=\"nav-menu.default\">\n\t\t\t\t\t\t\t\t<nav aria-label=\"Menu\" class=\"elementor-nav-menu--main elementor-nav-menu__container elementor-nav-menu--layout-vertical e--pointer-none\">\r\n\t\t\t\t<ul id=\"menu-1-34e6a0f\" class=\"elementor-nav-menu sm-vertical\"><li class=\"menu-item menu-item-type-post_type menu-item-object-page menu-item-356\"><a href=\"https:\/\/pinscraftpro.com\/pt\/help-center\/frequently-asked-questions-faqs\/\" class=\"elementor-item\">Perguntas mais frequentes (FAQs)<\/a><\/li>\n<li class=\"menu-item menu-item-type-post_type menu-item-object-page menu-item-2960\"><a href=\"https:\/\/pinscraftpro.com\/pt\/contact-us\/\" class=\"elementor-item\">Contactar-nos<\/a><\/li>\n<\/ul>\t\t\t<\/nav>\r\n\t\t\t\t\t\t<nav class=\"elementor-nav-menu--dropdown elementor-nav-menu__container\" aria-hidden=\"true\">\r\n\t\t\t\t<ul id=\"menu-2-34e6a0f\" class=\"elementor-nav-menu sm-vertical\"><li class=\"menu-item menu-item-type-post_type menu-item-object-page menu-item-356\"><a href=\"https:\/\/pinscraftpro.com\/pt\/help-center\/frequently-asked-questions-faqs\/\" class=\"elementor-item\" tabindex=\"-1\">Perguntas mais frequentes (FAQs)<\/a><\/li>\n<li class=\"menu-item menu-item-type-post_type menu-item-object-page menu-item-2960\"><a href=\"https:\/\/pinscraftpro.com\/pt\/contact-us\/\" class=\"elementor-item\" tabindex=\"-1\">Contactar-nos<\/a><\/li>\n<\/ul>\t\t\t<\/nav>\r\n\t\t\t\t\t\t<\/div>\n\t\t\t\t<\/div>\n\t\t<div class=\"elementor-element elementor-element-04494ec e-con-full e-flex e-con e-parent\" data-id=\"04494ec\" data-element_type=\"container\" data-e-type=\"container\">\n\t\t<div class=\"elementor-element elementor-element-44f0618 e-con-full e-flex e-con e-child\" data-id=\"44f0618\" data-element_type=\"container\" data-e-type=\"container\" data-settings=\"{&quot;background_background&quot;:&quot;classic&quot;}\">\n\t\t\t\t<div class=\"elementor-element elementor-element-04be228 elementor-view-default elementor-widget elementor-widget-icon\" data-id=\"04be228\" data-element_type=\"widget\" data-e-type=\"widget\" data-widget_type=\"icon.default\">\n\t\t\t\t\t\t\t<div class=\"elementor-icon-wrapper\">\n\t\t\t<div class=\"elementor-icon\">\n\t\t\t<svg aria-hidden=\"true\" class=\"e-font-icon-svg e-fas-sort-down\" viewbox=\"0 0 320 512\" xmlns=\"http:\/\/www.w3.org\/2000\/svg\"><path d=\"M41 288h238c21.4 0 32.1 25.9 17 41L177 448c-9.4 9.4-24.6 9.4-33.9 0L24 329c-15.1-15.1-4.4-41 17-41z\"><\/path><\/svg>\t\t\t<\/div>\n\t\t<\/div>\n\t\t\t\t\t\t<\/div>\n\t\t\t\t<div class=\"elementor-element elementor-element-5e45123 elementor-widget elementor-widget-heading\" data-id=\"5e45123\" data-element_type=\"widget\" data-e-type=\"widget\" data-widget_type=\"heading.default\">\n\t\t\t\t\t<h3 class=\"elementor-heading-title elementor-size-default\"><a href=\"https:\/\/pinscraftpro.com\/pt\/blog\/\">Blogue<\/a><\/h3>\t\t\t\t<\/div>\n\t\t\t\t<\/div>\n\t\t\t\t<\/div>\n\t\t\t\t<\/div>\n\t\t\t\t<\/div>\r\n\t\t\t\t\t\t<\/div>\n\t\t\t\t<\/div>\n\t\t\t\t<\/div>\n\t\t<div class=\"elementor-element elementor-element-165435d e-con-full e-flex e-con e-child\" data-id=\"165435d\" data-element_type=\"container\" data-e-type=\"container\">\n\t\t\t\t<div class=\"elementor-element elementor-element-8f15c48 elementor-widget elementor-widget-heading\" data-id=\"8f15c48\" data-element_type=\"widget\" data-e-type=\"widget\" data-widget_type=\"heading.default\">\n\t\t\t\t\t<h3 class=\"elementor-heading-title elementor-size-default\">Pol\u00edtica de privacidade<\/h3>\t\t\t\t<\/div>\n\t\t\t\t<div class=\"elementor-element elementor-element-cc7dc2a color-scheme-inherit text-left elementor-widget elementor-widget-text-editor\" data-id=\"cc7dc2a\" data-element_type=\"widget\" data-e-type=\"widget\" data-widget_type=\"text-editor.default\">\n\t\t\t\t\t\t\t\t\t<div class=\"card part2 hover-tag\" data-v-239be49a=\"\">\n<div class=\"content\" data-v-239be49a=\"\">\n<div class=\"card-subtitle\" data-v-1edf29a6=\"\" data-v-239be49a=\"\">\n<h2>Encomendas<\/h2>\n<div>&nbsp;<\/div>\n<div>Recolhemos informa\u00e7\u00f5es do utilizador. \u00c9-lhe pedido que forne\u00e7a dados de contacto (por exemplo, o seu nome completo e endere\u00e7o de entrega). Essas informa\u00e7\u00f5es s\u00e3o utilizadas para a liquida\u00e7\u00e3o da fatura\u00e7\u00e3o e o processamento da encomenda. Se tivermos algum problema durante o processamento da sua encomenda, contact\u00e1-lo-emos utilizando as informa\u00e7\u00f5es de contacto que forneceu.<\/div>\n<div>&nbsp;<\/div>\n<div>Conservaremos as suas informa\u00e7\u00f5es pessoais apenas durante o tempo necess\u00e1rio para cumprir os objectivos para os quais foram recolhidas, incluindo o processamento da sua encomenda, o fornecimento de apoio ao cliente e o cumprimento de obriga\u00e7\u00f5es legais. Ap\u00f3s esse per\u00edodo, os seus dados ser\u00e3o eliminados de forma segura ou tornados an\u00f3nimos, exceto se formos obrigados por lei a conserv\u00e1-los por um per\u00edodo mais longo.<\/div>\n<div>&nbsp;<\/div>\n<h3>Emails e cat\u00e1logos de produtos<\/h3>\n<div>&nbsp;<\/div>\n<div>Nunca venderemos ou alugaremos o seu endere\u00e7o de correio eletr\u00f3nico, endere\u00e7o postal ou qualquer outra informa\u00e7\u00e3o pessoal identific\u00e1vel que nos forne\u00e7a.<\/div>\n<div>&nbsp;<\/div>\n<h3>Aceitar \/ recusar<\/h3>\n<div>&nbsp;<\/div>\n<div>Se j\u00e1 n\u00e3o pretender receber as nossas mensagens de correio eletr\u00f3nico, pode clicar na liga\u00e7\u00e3o \u201cAnular a subscri\u00e7\u00e3o\u201d inclu\u00edda em cada mensagem de correio eletr\u00f3nico para deixar de receber mensagens futuras.<\/div>\n<div>&nbsp;<\/div>\n<h3>Notifica\u00e7\u00f5es SMS<\/h3>\n<div>&nbsp;<\/div>\n<ol>\n<li>\n<div><p><strong>Recolha de informa\u00e7\u00f5es<\/strong><\/p>\n<div>&nbsp;<\/div>\n<p>Recolhemos o n\u00famero de telem\u00f3vel fornecido pelo utilizador para lhe enviar actualiza\u00e7\u00f5es importantes por SMS e conte\u00fados promocionais, que podem incluir confirma\u00e7\u00f5es de encomendas, notifica\u00e7\u00f5es de envio, ofertas promocionais e materiais de marketing personalizados.<\/p><\/div>\n<div>&nbsp;<\/div>\n<\/li>\n<li>\n<div><p><strong>Consentimento do utilizador<\/strong><\/p>\n<div>&nbsp;<\/div>\n<p>Ao introduzir o seu n\u00famero de telem\u00f3vel e optar por receber notifica\u00e7\u00f5es por SMS, o utilizador consente em receber mensagens de texto autom\u00e1ticas de <a href=\"https:\/\/pinscraftpro.com\/pt\/\" target=\"_blank\" rel=\"noopener\">pinscraftpro.com<\/a>. Estas mensagens podem conter conte\u00fados promocionais ou informa\u00e7\u00f5es relacionadas com a sua conta.<\/p><\/div>\n<div>&nbsp;<\/div>\n<\/li>\n<li>\n<div><p><strong>Op\u00e7\u00e3o de auto-exclus\u00e3o<\/strong><\/p>\n<div>&nbsp;<\/div>\n<p>O utilizador pode optar por n\u00e3o receber notifica\u00e7\u00f5es por SMS em qualquer altura. Basta iniciar sess\u00e3o na sua conta para gerir as suas prefer\u00eancias, incluindo anular a subscri\u00e7\u00e3o ou reativar as notifica\u00e7\u00f5es por SMS.<\/p><\/div>\n<div>&nbsp;<\/div>\n<\/li>\n<li>\n<div><p><strong>Frequ\u00eancia e encargos<\/strong><\/p>\n<div>&nbsp;<\/div>\n<p>A frequ\u00eancia das mensagens SMS que enviamos pode variar. Poder\u00e3o ser aplicadas taxas padr\u00e3o de SMS e dados para enviar e receber mensagens, de acordo com o seu plano de servi\u00e7o m\u00f3vel. Se tiver alguma quest\u00e3o relacionada com o seu plano de SMS ou de dados, recomendamos que contacte diretamente a sua operadora m\u00f3vel.<\/p><\/div>\n<div>&nbsp;<\/div>\n<\/li>\n<li>\n<div><p><strong>Seguran\u00e7a da informa\u00e7\u00e3o<\/strong><\/p>\n<div>&nbsp;<\/div>\n<p>Implementamos medidas de seguran\u00e7a adequadas para proteger as suas informa\u00e7\u00f5es pessoais, incluindo o seu n\u00famero de telem\u00f3vel. N\u00e3o venderemos ou alugaremos as suas informa\u00e7\u00f5es a terceiros sem o seu consentimento pr\u00e9vio ou a menos que seja exigido por lei.<\/p><\/div>\n<div>&nbsp;<\/div>\n<\/li>\n<li>\n<div><p><strong>Prestadores de servi\u00e7os terceiros<\/strong><\/p>\n<div>&nbsp;<\/div>\n<p>Podemos partilhar as suas informa\u00e7\u00f5es pessoais com fornecedores de servi\u00e7os terceiros de confian\u00e7a para nos ajudarem a operar o nosso s\u00edtio Web, processar pagamentos e entregar encomendas (por exemplo, gateways de pagamento e transportadoras log\u00edsticas). Esses terceiros s\u00e3o obrigados a utilizar as suas informa\u00e7\u00f5es exclusivamente para fornecer os servi\u00e7os solicitados e n\u00e3o utilizar\u00e3o os seus dados para os seus pr\u00f3prios fins de marketing sem o seu consentimento. Al\u00e9m disso, nunca venderemos os seus ficheiros de design ou produtos personalizados a terceiros. Os produtos apresentados no nosso s\u00edtio Web destinam-se apenas a fins de demonstra\u00e7\u00e3o e n\u00e3o est\u00e3o dispon\u00edveis para venda.<\/p><\/div>\n<div>&nbsp;<\/div>\n<\/li>\n<li>\n<div><p><strong>Privacidade das crian\u00e7as<\/strong><\/p>\n<div>&nbsp;<\/div>\n<p>O nosso s\u00edtio Web e os nossos servi\u00e7os n\u00e3o se destinam a indiv\u00edduos com idade inferior a 13 anos. N\u00e3o recolhemos intencionalmente informa\u00e7\u00f5es pessoais de crian\u00e7as com menos de 13 anos. Se tivermos conhecimento de que recebemos inadvertidamente informa\u00e7\u00f5es pessoais de uma crian\u00e7a com menos de 13 anos, eliminaremos imediatamente essas informa\u00e7\u00f5es. Se for pai ou tutor legal e considerar que o seu filho nos forneceu informa\u00e7\u00f5es pessoais, contacte-nos atrav\u00e9s do endere\u00e7o info@pinscraftpro.com.<\/p><\/div>\n<div>&nbsp;<\/div>\n<\/li>\n<li>\n<div><p><strong>Direitos das pessoas em causa<\/strong><\/p>\n<div>&nbsp;<\/div>\n<p>Tem o direito de solicitar o acesso \u00e0s informa\u00e7\u00f5es pessoais que temos sobre si, solicitar a corre\u00e7\u00e3o de dados inexactos ou solicitar a elimina\u00e7\u00e3o dos seus dados pessoais, sujeito a determinadas excep\u00e7\u00f5es legais. Tem tamb\u00e9m o direito de receber uma c\u00f3pia dos seus dados pessoais num formato estruturado e leg\u00edvel por m\u00e1quina para transfer\u00eancia para outros prestadores de servi\u00e7os. Para exercer estes direitos, envie uma mensagem de correio eletr\u00f3nico para info@pinscraftpro.com com o assunto \u201cPedido de direitos de dados\u201d.<\/p><\/div>\n<div>&nbsp;<\/div>\n<\/li>\n<li>\n<div><p><strong>Notifica\u00e7\u00e3o de viola\u00e7\u00e3o de dados<\/strong><\/p>\n<div>&nbsp;<\/div>\n<p>No caso de uma viola\u00e7\u00e3o de seguran\u00e7a que resulte em acesso n\u00e3o autorizado ou divulga\u00e7\u00e3o das suas informa\u00e7\u00f5es pessoais, notific\u00e1-lo-emos a si e \u00e0s autoridades reguladoras relevantes, de acordo com as leis e regulamentos aplic\u00e1veis. Forneceremos prontamente informa\u00e7\u00f5es detalhadas sobre a viola\u00e7\u00e3o, incluindo o tipo de informa\u00e7\u00e3o envolvida e as medidas de prote\u00e7\u00e3o que pode tomar.<\/p><\/div>\n<div>&nbsp;<\/div>\n<\/li>\n<li>\n<div><p><strong>Actualiza\u00e7\u00f5es da pol\u00edtica de privacidade<\/strong><\/p>\n<div>&nbsp;<\/div>\n<p>Poderemos atualizar esta Pol\u00edtica de Privacidade periodicamente. Quaisquer altera\u00e7\u00f5es ser\u00e3o publicadas nesta p\u00e1gina e encorajamo-lo a rever esta pol\u00edtica regularmente para se manter informado sobre a forma como protegemos as suas informa\u00e7\u00f5es pessoais.<\/p><\/div>\n<div>&nbsp;<\/div>\n<\/li>\n<\/ol>\n<div>&nbsp;<\/div>\n<h3>Seguran\u00e7a<\/h3>\n<div>&nbsp;<\/div>\n<div><a href=\"https:\/\/pinscraftpro.com\/pt\/\" target=\"_blank\" rel=\"noopener\">pinscraftpro.com<\/a> toma todas as medidas necess\u00e1rias para salvaguardar as informa\u00e7\u00f5es dos utilizadores. Quando o utilizador envia informa\u00e7\u00f5es sens\u00edveis atrav\u00e9s do nosso s\u00edtio Web, os seus dados s\u00e3o protegidos por medidas de seguran\u00e7a online e offline.<\/div>\n<div>&nbsp;<\/div>\n<div>Quando os nossos formul\u00e1rios de registo\/encomenda solicitam informa\u00e7\u00f5es sens\u00edveis (por exemplo, n\u00fameros de cart\u00e3o de cr\u00e9dito), esses dados s\u00e3o encriptados utilizando a tecnologia SSL (Secure Sockets Layer) padr\u00e3o da ind\u00fastria para uma transmiss\u00e3o segura.<\/div>\n<div>&nbsp;<\/div>\n<h3>Corre\u00e7\u00e3o\/atualiza\u00e7\u00e3o de informa\u00e7\u00f5es pessoais<\/h3>\n<div>&nbsp;<\/div>\n<div>Se as suas informa\u00e7\u00f5es pessoais identific\u00e1veis forem alteradas ou se j\u00e1 n\u00e3o pretender utilizar os nossos servi\u00e7os, envidaremos todos os esfor\u00e7os razo\u00e1veis para lhe fornecer meios para corrigir, atualizar ou eliminar os dados pessoais que nos forneceu. Pode faz\u00ea-lo enviando uma mensagem de correio eletr\u00f3nico para info@pinscraftpro.com.<\/div>\n<div>&nbsp;<\/div>\n<h3>Notifica\u00e7\u00e3o de altera\u00e7\u00f5es<\/h3>\n<div>&nbsp;<\/div>\n<div>Quaisquer altera\u00e7\u00f5es materiais \u00e0 forma como <a href=\"https:\/\/pinscraftpro.com\/pt\/\" target=\"_blank\" rel=\"noopener\">pinscraftpro.com<\/a> A utiliza\u00e7\u00e3o das informa\u00e7\u00f5es pessoais do utilizador ser\u00e1 reflectida nas vers\u00f5es subsequentes da presente Pol\u00edtica de Privacidade. Se tiver alguma d\u00favida sobre esta Pol\u00edtica de Privacidade ou sobre as nossas pr\u00e1ticas de privacidade, n\u00e3o hesite em contactar-nos. Indique \u201cPergunta sobre a Pol\u00edtica de Privacidade\u201d na linha de assunto do e-mail. Esfor\u00e7ar-nos-emos por responder a todos os pedidos de informa\u00e7\u00e3o razo\u00e1veis no prazo de cinco dias \u00fateis ap\u00f3s a sua rece\u00e7\u00e3o.<\/div>\n<div>&nbsp;<\/div>\n<h3>Informa\u00e7\u00f5es de contacto<\/h3>\n<div>&nbsp;<\/div>\n<div>Se tiver alguma quest\u00e3o relacionada com esta Pol\u00edtica de Privacidade, contacte-nos atrav\u00e9s de<\/div>\n<div>&nbsp;<\/div>\n<ul>\n<li>Correio eletr\u00f3nico: info@pinscraftpro.com<\/li>\n<\/ul>\n<\/div>\n<\/div>\n<\/div>\t\t\t\t\t\t\t\t<\/div>\n\t\t\t\t<div class=\"elementor-element elementor-element-80bcd23 elementor-widget elementor-widget-image\" data-id=\"80bcd23\" data-element_type=\"widget\" data-e-type=\"widget\" data-widget_type=\"image.default\">\n\t\t\t\t\t\t\t\t\t\t\t\t\t\t\t<img loading=\"lazy\" decoding=\"async\" width=\"367\" height=\"225\" src=\"https:\/\/pinscraftpro.com\/wp-content\/uploads\/2025\/12\/logo.webp\" class=\"attachment-large size-large wp-image-2938\" alt=\"Logo for Terms and Conditions\" srcset=\"https:\/\/pinscraftpro.com\/wp-content\/uploads\/2025\/12\/logo.webp 367w, https:\/\/pinscraftpro.com\/wp-content\/uploads\/2025\/12\/logo-150x92.webp 150w\" sizes=\"auto, (max-width: 367px) 100vw, 367px\" \/>\t\t\t\t\t\t\t\t\t\t\t\t\t\t\t<\/div>\n\t\t\t\t<\/div>\n\t\t\t\t\t<\/div>\n\t\t\t\t<\/div>\n\t\t\t\t<\/div>","protected":false},"excerpt":{"rendered":"<p>&nbsp; About Privacy Policy Terms and Conditions About Privacy Policy Terms and Conditions About Help Center Frequently Asked Questions (FAQs)<\/p>","protected":false},"author":1,"featured_media":0,"parent":72,"menu_order":0,"comment_status":"closed","ping_status":"closed","template":"elementor_header_footer","meta":{"footnotes":""},"class_list":["post-80","page","type-page","status-publish","hentry"],"_links":{"self":[{"href":"https:\/\/pinscraftpro.com\/pt\/wp-json\/wp\/v2\/pages\/80","targetHints":{"allow":["GET"]}}],"collection":[{"href":"https:\/\/pinscraftpro.com\/pt\/wp-json\/wp\/v2\/pages"}],"about":[{"href":"https:\/\/pinscraftpro.com\/pt\/wp-json\/wp\/v2\/types\/page"}],"author":[{"embeddable":true,"href":"https:\/\/pinscraftpro.com\/pt\/wp-json\/wp\/v2\/users\/1"}],"replies":[{"embeddable":true,"href":"https:\/\/pinscraftpro.com\/pt\/wp-json\/wp\/v2\/comments?post=80"}],"version-history":[{"count":18,"href":"https:\/\/pinscraftpro.com\/pt\/wp-json\/wp\/v2\/pages\/80\/revisions"}],"predecessor-version":[{"id":12117,"href":"https:\/\/pinscraftpro.com\/pt\/wp-json\/wp\/v2\/pages\/80\/revisions\/12117"}],"up":[{"embeddable":true,"href":"https:\/\/pinscraftpro.com\/pt\/wp-json\/wp\/v2\/pages\/72"}],"wp:attachment":[{"href":"https:\/\/pinscraftpro.com\/pt\/wp-json\/wp\/v2\/media?parent=80"}],"curies":[{"name":"wp","href":"https:\/\/api.w.org\/{rel}","templated":true}]}}